{"id":864,"date":"2020-12-13T16:34:28","date_gmt":"2020-12-13T13:34:28","guid":{"rendered":"http:\/\/localhost\/koltuk\/?page_id=864"},"modified":"2021-01-12T21:06:55","modified_gmt":"2021-01-12T18:06:55","slug":"yassi-celik-urunler-2","status":"publish","type":"page","link":"http:\/\/www.oreontrading.com\/fr\/yassi-celik-urunler-2\/","title":{"rendered":"Produits En Acier Plat"},"content":{"rendered":"<p>[vc_row][vc_column width=\u00a0\u00bb1\/2&Prime;][vc_column_text]<strong>1) Lamin\u00e9 \u00c0 Chaud<\/strong><\/p>\n<p>* Bobines Lamin\u00e9es \u00c0 Chaud<\/p>\n<p>* T\u00f4les Lamin\u00e9es \u00c0 Chaud<\/p>\n<p>* Plaques Lamin\u00e9es \u00c0 Chaud<\/p>\n<p>* Bobines Teardrop<\/p>\n<p>* T\u00f4les Teardrop<\/p>\n<p>&nbsp;<\/p>\n<p><strong>2) Lamin\u00e9 \u00c0 Froid<\/strong><\/p>\n<p>* Bobines Lamin\u00e9es \u00c0 Froid<\/p>\n<p>* T\u00f4les Lamin\u00e9es \u00c0 Froid<\/p>\n<p>&nbsp;<\/p>\n<p><strong>3) Produits Enduits<\/strong><\/p>\n<p>* Bobines Galvanis\u00e9es<\/p>\n<p>* Bobines Aluzinc<\/p>\n<p>* Bobines Pr\u00e9peintes[\/vc_column_text][\/vc_column][vc_column width=\u00a0\u00bb1\/2&Prime;][vc_gallery interval=\u00a0\u00bb3&Prime; images=\u00a0\u00bb887,888,889,890&Prime; img_size=\u00a0\u00bbfull\u00a0\u00bb][\/vc_column][\/vc_row]<\/p>","protected":false},"excerpt":{"rendered":"<p>[vc_row][vc_column width=\u00a0\u00bb1\/2&Prime;][vc_column_text]1) Lamin\u00e9 \u00c0 Chaud * Bobines Lamin\u00e9es \u00c0 Chaud * T\u00f4les Lamin\u00e9es \u00c0 Chaud * Plaques Lamin\u00e9es \u00c0 Chaud * Bobines Teardrop * T\u00f4les Teardrop &nbsp; 2) Lamin\u00e9 \u00c0 Froid * Bobines Lamin\u00e9es \u00c0 Froid * T\u00f4les Lamin\u00e9es \u00c0&#8230;<\/p>\n","protected":false},"author":3,"featured_media":0,"parent":0,"menu_order":0,"comment_status":"closed","ping_status":"closed","template":"","meta":{"footnotes":""},"yoast_head":"<!-- This site is optimized with the Yoast SEO plugin v22.4 - https:\/\/yoast.com\/wordpress\/plugins\/seo\/ -->\n<title>Produits En Acier Plat &#183; OREON TRADING Co.<\/title>\n<meta name=\"robots\" content=\"index, follow, max-snippet:-1, max-image-preview:large, max-video-preview:-1\" \/>\n<link rel=\"canonical\" href=\"http:\/\/www.oreontrading.com\/yassi-celik-urunler-2\/\" \/>\n<meta property=\"og:locale\" content=\"fr_FR\" \/>\n<meta property=\"og:type\" content=\"article\" \/>\n<meta property=\"og:title\" content=\"[:en]Flat Steel Products[:fr]Produits En Acier Plat[:es]Productos Planos De Acero[:] &#183; OREON TRADING Co.\" \/>\n<meta property=\"og:description\" content=\"[vc_row][vc_column width=\u00a0\u00bb1\/2&Prime;][vc_column_text]1) Lamin\u00e9 \u00c0 Chaud * Bobines Lamin\u00e9es \u00c0 Chaud * T\u00f4les Lamin\u00e9es \u00c0 Chaud * Plaques Lamin\u00e9es \u00c0 Chaud * Bobines Teardrop * T\u00f4les Teardrop &nbsp; 2) Lamin\u00e9 \u00c0 Froid * Bobines Lamin\u00e9es \u00c0 Froid * T\u00f4les Lamin\u00e9es \u00c0...\" \/>\n<meta property=\"og:url\" content=\"http:\/\/www.oreontrading.com\/yassi-celik-urunler-2\/\" \/>\n<meta property=\"og:site_name\" content=\"OREON TRADING Co.\" \/>\n<meta property=\"article:modified_time\" content=\"2021-01-12T18:06:55+00:00\" \/>\n<meta name=\"twitter:card\" content=\"summary_large_image\" \/>\n<meta name=\"twitter:label1\" content=\"Dur\u00e9e de lecture estim\u00e9e\" \/>\n\t<meta name=\"twitter:data1\" content=\"1 minute\" \/>\n<script type=\"application\/ld+json\" class=\"yoast-schema-graph\">{\"@context\":\"https:\/\/schema.org\",\"@graph\":[{\"@type\":\"WebPage\",\"@id\":\"http:\/\/www.oreontrading.com\/yassi-celik-urunler-2\/\",\"url\":\"http:\/\/www.oreontrading.com\/yassi-celik-urunler-2\/\",\"name\":\"[:en]Flat Steel Products[:fr]Produits En Acier Plat[:es]Productos Planos De Acero[:] &#183; OREON TRADING Co.\",\"isPartOf\":{\"@id\":\"http:\/\/www.oreontrading.com\/#website\"},\"datePublished\":\"2020-12-13T13:34:28+00:00\",\"dateModified\":\"2021-01-12T18:06:55+00:00\",\"breadcrumb\":{\"@id\":\"http:\/\/www.oreontrading.com\/yassi-celik-urunler-2\/#breadcrumb\"},\"inLanguage\":\"fr-FR\",\"potentialAction\":[{\"@type\":\"ReadAction\",\"target\":[\"http:\/\/www.oreontrading.com\/yassi-celik-urunler-2\/\"]}]},{\"@type\":\"BreadcrumbList\",\"@id\":\"http:\/\/www.oreontrading.com\/yassi-celik-urunler-2\/#breadcrumb\",\"itemListElement\":[{\"@type\":\"ListItem\",\"position\":1,\"name\":\"Anasayfa\",\"item\":\"http:\/\/www.oreontrading.com\/\"},{\"@type\":\"ListItem\",\"position\":2,\"name\":\"Flat Steel Products\"}]},{\"@type\":\"WebSite\",\"@id\":\"http:\/\/www.oreontrading.com\/#website\",\"url\":\"http:\/\/www.oreontrading.com\/\",\"name\":\"OREON TRADING Co.\",\"description\":\"World Wide Steel\",\"publisher\":{\"@id\":\"http:\/\/www.oreontrading.com\/#organization\"},\"potentialAction\":[{\"@type\":\"SearchAction\",\"target\":{\"@type\":\"EntryPoint\",\"urlTemplate\":\"http:\/\/www.oreontrading.com\/?s={search_term_string}\"},\"query-input\":\"required name=search_term_string\"}],\"inLanguage\":\"fr-FR\"},{\"@type\":\"Organization\",\"@id\":\"http:\/\/www.oreontrading.com\/#organization\",\"name\":\"OREON TRADING Co.\",\"url\":\"http:\/\/www.oreontrading.com\/\",\"logo\":{\"@type\":\"ImageObject\",\"inLanguage\":\"fr-FR\",\"@id\":\"http:\/\/www.oreontrading.com\/#\/schema\/logo\/image\/\",\"url\":\"http:\/\/www.oreontrading.com\/wp-content\/uploads\/2020\/12\/12th.png\",\"contentUrl\":\"http:\/\/www.oreontrading.com\/wp-content\/uploads\/2020\/12\/12th.png\",\"width\":300,\"height\":54,\"caption\":\"OREON TRADING Co.\"},\"image\":{\"@id\":\"http:\/\/www.oreontrading.com\/#\/schema\/logo\/image\/\"},\"sameAs\":[\"https:\/\/www.instagram.com\/oreontrading\/\",\"https:\/\/www.linkedin.com\/in\/oreon-trading-co-722767202\/\"]}]}<\/script>\n<!-- \/ Yoast SEO plugin. -->","yoast_head_json":{"title":"[:en]Flat Steel Products[:fr]Produits En Acier Plat[:es]Productos Planos De Acero[:] &#183; OREON TRADING Co.","robots":{"index":"index","follow":"follow","max-snippet":"max-snippet:-1","max-image-preview":"max-image-preview:large","max-video-preview":"max-video-preview:-1"},"canonical":"http:\/\/www.oreontrading.com\/yassi-celik-urunler-2\/","og_locale":"fr_FR","og_type":"article","og_title":"[:en]Flat Steel Products[:fr]Produits En Acier Plat[:es]Productos Planos De Acero[:] &#183; OREON TRADING Co.","og_description":"[vc_row][vc_column width=\u00a0\u00bb1\/2&Prime;][vc_column_text]1) Lamin\u00e9 \u00c0 Chaud * Bobines Lamin\u00e9es \u00c0 Chaud * T\u00f4les Lamin\u00e9es \u00c0 Chaud * Plaques Lamin\u00e9es \u00c0 Chaud * Bobines Teardrop * T\u00f4les Teardrop &nbsp; 2) Lamin\u00e9 \u00c0 Froid * Bobines Lamin\u00e9es \u00c0 Froid * T\u00f4les Lamin\u00e9es \u00c0...","og_url":"http:\/\/www.oreontrading.com\/yassi-celik-urunler-2\/","og_site_name":"OREON TRADING Co.","article_modified_time":"2021-01-12T18:06:55+00:00","twitter_card":"summary_large_image","twitter_misc":{"Dur\u00e9e de lecture estim\u00e9e":"1 minute"},"schema":{"@context":"https:\/\/schema.org","@graph":[{"@type":"WebPage","@id":"http:\/\/www.oreontrading.com\/yassi-celik-urunler-2\/","url":"http:\/\/www.oreontrading.com\/yassi-celik-urunler-2\/","name":"[:en]Flat Steel Products[:fr]Produits En Acier Plat[:es]Productos Planos De Acero[:] &#183; OREON TRADING Co.","isPartOf":{"@id":"http:\/\/www.oreontrading.com\/#website"},"datePublished":"2020-12-13T13:34:28+00:00","dateModified":"2021-01-12T18:06:55+00:00","breadcrumb":{"@id":"http:\/\/www.oreontrading.com\/yassi-celik-urunler-2\/#breadcrumb"},"inLanguage":"fr-FR","potentialAction":[{"@type":"ReadAction","target":["http:\/\/www.oreontrading.com\/yassi-celik-urunler-2\/"]}]},{"@type":"BreadcrumbList","@id":"http:\/\/www.oreontrading.com\/yassi-celik-urunler-2\/#breadcrumb","itemListElement":[{"@type":"ListItem","position":1,"name":"Anasayfa","item":"http:\/\/www.oreontrading.com\/"},{"@type":"ListItem","position":2,"name":"Flat Steel Products"}]},{"@type":"WebSite","@id":"http:\/\/www.oreontrading.com\/#website","url":"http:\/\/www.oreontrading.com\/","name":"OREON TRADING Co.","description":"World Wide Steel","publisher":{"@id":"http:\/\/www.oreontrading.com\/#organization"},"potentialAction":[{"@type":"SearchAction","target":{"@type":"EntryPoint","urlTemplate":"http:\/\/www.oreontrading.com\/?s={search_term_string}"},"query-input":"required name=search_term_string"}],"inLanguage":"fr-FR"},{"@type":"Organization","@id":"http:\/\/www.oreontrading.com\/#organization","name":"OREON TRADING Co.","url":"http:\/\/www.oreontrading.com\/","logo":{"@type":"ImageObject","inLanguage":"fr-FR","@id":"http:\/\/www.oreontrading.com\/#\/schema\/logo\/image\/","url":"http:\/\/www.oreontrading.com\/wp-content\/uploads\/2020\/12\/12th.png","contentUrl":"http:\/\/www.oreontrading.com\/wp-content\/uploads\/2020\/12\/12th.png","width":300,"height":54,"caption":"OREON TRADING Co."},"image":{"@id":"http:\/\/www.oreontrading.com\/#\/schema\/logo\/image\/"},"sameAs":["https:\/\/www.instagram.com\/oreontrading\/","https:\/\/www.linkedin.com\/in\/oreon-trading-co-722767202\/"]}]}},"_links":{"self":[{"href":"http:\/\/www.oreontrading.com\/fr\/wp-json\/wp\/v2\/pages\/864"}],"collection":[{"href":"http:\/\/www.oreontrading.com\/fr\/wp-json\/wp\/v2\/pages"}],"about":[{"href":"http:\/\/www.oreontrading.com\/fr\/wp-json\/wp\/v2\/types\/page"}],"author":[{"embeddable":true,"href":"http:\/\/www.oreontrading.com\/fr\/wp-json\/wp\/v2\/users\/3"}],"replies":[{"embeddable":true,"href":"http:\/\/www.oreontrading.com\/fr\/wp-json\/wp\/v2\/comments?post=864"}],"version-history":[{"count":17,"href":"http:\/\/www.oreontrading.com\/fr\/wp-json\/wp\/v2\/pages\/864\/revisions"}],"predecessor-version":[{"id":1150,"href":"http:\/\/www.oreontrading.com\/fr\/wp-json\/wp\/v2\/pages\/864\/revisions\/1150"}],"wp:attachment":[{"href":"http:\/\/www.oreontrading.com\/fr\/wp-json\/wp\/v2\/media?parent=864"}],"curies":[{"name":"wp","href":"https:\/\/api.w.org\/{rel}","templated":true}]}}