{"id":825,"date":"2020-12-13T01:54:08","date_gmt":"2020-12-12T22:54:08","guid":{"rendered":"http:\/\/localhost\/koltuk\/?page_id=825"},"modified":"2021-01-11T14:23:52","modified_gmt":"2021-01-11T11:23:52","slug":"hakkimizda","status":"publish","type":"page","link":"http:\/\/www.oreontrading.com\/fr\/hakkimizda\/","title":{"rendered":"\u00c0 PROPOS DE NOUS"},"content":{"rendered":"<p>[vc_row][vc_column][vc_single_image image=\u00a0\u00bb869&Prime; img_size=\u00a0\u00bbfull\u00a0\u00bb alignment=\u00a0\u00bbcenter\u00a0\u00bb][vc_empty_space height=\u00a0\u00bb20px\u00a0\u00bb][vc_text_separator title=\u00a0\u00bb\u00c0 PROPOS DE NOUS\u00a0\u00bb color=\u00a0\u00bbblack\u00a0\u00bb][vc_empty_space height=\u00a0\u00bb20px\u00a0\u00bb][vc_column_text css_animation=\u00a0\u00bbfadeInRight\u00a0\u00bb]<\/p>\n<p style=\"text-align: center;\">Il a d\u00e9marr\u00e9 ses op\u00e9rations en 2009 dans le but de servir le march\u00e9 des industries m\u00e9tallurgiques et sid\u00e9rurgiques qui ont non seulement besoin d&rsquo;acheter des mat\u00e9riaux, mais aussi des valeurs ajout\u00e9es telles que des conseils techniques personnalis\u00e9s, la logistique et le financement du commerce. Gr\u00e2ce \u00e0 notre exp\u00e9rience dans l&rsquo;industrie de l&rsquo;acier, nous avons toujours pr\u00eat\u00e9 attention aux commandes \u00e0 long terme avec nos clients.<br \/>\nNous exportons dans 23 pays au total gr\u00e2ce \u00e0 notre compr\u00e9hension de la continuit\u00e9 et de la confiance. Notre soci\u00e9t\u00e9 est un fournisseur solide d&rsquo;une large gamme de produits en acier en collaboration avec les aci\u00e9ries de la meilleure qualit\u00e9, des stockistes de diverses origines offrant \u00e0 nos clients la meilleure solution qui r\u00e9alise une livraison rapide et un chargement et une supervision pr\u00e9cis.<\/p>\n<p>[\/vc_column_text][vc_empty_space height=\u00a0\u00bb20px\u00a0\u00bb][vc_empty_space height=\u00a0\u00bb20px\u00a0\u00bb][vc_empty_space height=\u00a0\u00bb20px\u00a0\u00bb][\/vc_column][\/vc_row]<\/p>","protected":false},"excerpt":{"rendered":"<p>[vc_row][vc_column][vc_single_image image=\u00a0\u00bb869&Prime; img_size=\u00a0\u00bbfull\u00a0\u00bb alignment=\u00a0\u00bbcenter\u00a0\u00bb][vc_empty_space height=\u00a0\u00bb20px\u00a0\u00bb][vc_text_separator title=\u00a0\u00bb\u00c0 PROPOS DE NOUS\u00a0\u00bb color=\u00a0\u00bbblack\u00a0\u00bb][vc_empty_space height=\u00a0\u00bb20px\u00a0\u00bb][vc_column_text css_animation=\u00a0\u00bbfadeInRight\u00a0\u00bb] Il a d\u00e9marr\u00e9 ses op\u00e9rations en 2009 dans le but de servir le march\u00e9 des industries m\u00e9tallurgiques et sid\u00e9rurgiques qui ont non seulement besoin d&rsquo;acheter des mat\u00e9riaux, mais&#8230;<\/p>\n","protected":false},"author":3,"featured_media":0,"parent":0,"menu_order":0,"comment_status":"closed","ping_status":"closed","template":"","meta":{"footnotes":""},"yoast_head":"<!-- This site is optimized with the Yoast SEO plugin v22.4 - https:\/\/yoast.com\/wordpress\/plugins\/seo\/ -->\n<title>\u00c0 PROPOS DE NOUS &#183; OREON TRADING Co.<\/title>\n<meta name=\"robots\" content=\"index, follow, max-snippet:-1, max-image-preview:large, max-video-preview:-1\" \/>\n<link rel=\"canonical\" href=\"http:\/\/www.oreontrading.com\/hakkimizda\/\" \/>\n<meta property=\"og:locale\" content=\"fr_FR\" \/>\n<meta property=\"og:type\" content=\"article\" \/>\n<meta property=\"og:title\" content=\"[:en]About Us [:fr]\u00c0 PROPOS DE NOUS[:es]NOSOTROS[:] &#183; OREON TRADING Co.\" \/>\n<meta property=\"og:description\" content=\"[vc_row][vc_column][vc_single_image image=\u00a0\u00bb869&Prime; img_size=\u00a0\u00bbfull\u00a0\u00bb alignment=\u00a0\u00bbcenter\u00a0\u00bb][vc_empty_space height=\u00a0\u00bb20px\u00a0\u00bb][vc_text_separator title=\u00a0\u00bb\u00c0 PROPOS DE NOUS\u00a0\u00bb color=\u00a0\u00bbblack\u00a0\u00bb][vc_empty_space height=\u00a0\u00bb20px\u00a0\u00bb][vc_column_text css_animation=\u00a0\u00bbfadeInRight\u00a0\u00bb] Il a d\u00e9marr\u00e9 ses op\u00e9rations en 2009 dans le but de servir le march\u00e9 des industries m\u00e9tallurgiques et sid\u00e9rurgiques qui ont non seulement besoin d&rsquo;acheter des mat\u00e9riaux, mais...\" \/>\n<meta property=\"og:url\" content=\"http:\/\/www.oreontrading.com\/hakkimizda\/\" \/>\n<meta property=\"og:site_name\" content=\"OREON TRADING Co.\" \/>\n<meta property=\"article:modified_time\" content=\"2021-01-11T11:23:52+00:00\" \/>\n<meta name=\"twitter:card\" content=\"summary_large_image\" \/>\n<meta name=\"twitter:label1\" content=\"Dur\u00e9e de lecture estim\u00e9e\" \/>\n\t<meta name=\"twitter:data1\" content=\"3 minutes\" \/>\n<script type=\"application\/ld+json\" class=\"yoast-schema-graph\">{\"@context\":\"https:\/\/schema.org\",\"@graph\":[{\"@type\":\"WebPage\",\"@id\":\"http:\/\/www.oreontrading.com\/hakkimizda\/\",\"url\":\"http:\/\/www.oreontrading.com\/hakkimizda\/\",\"name\":\"[:en]About Us [:fr]\u00c0 PROPOS DE NOUS[:es]NOSOTROS[:] &#183; OREON TRADING Co.\",\"isPartOf\":{\"@id\":\"http:\/\/www.oreontrading.com\/#website\"},\"datePublished\":\"2020-12-12T22:54:08+00:00\",\"dateModified\":\"2021-01-11T11:23:52+00:00\",\"breadcrumb\":{\"@id\":\"http:\/\/www.oreontrading.com\/hakkimizda\/#breadcrumb\"},\"inLanguage\":\"fr-FR\",\"potentialAction\":[{\"@type\":\"ReadAction\",\"target\":[\"http:\/\/www.oreontrading.com\/hakkimizda\/\"]}]},{\"@type\":\"BreadcrumbList\",\"@id\":\"http:\/\/www.oreontrading.com\/hakkimizda\/#breadcrumb\",\"itemListElement\":[{\"@type\":\"ListItem\",\"position\":1,\"name\":\"Anasayfa\",\"item\":\"http:\/\/www.oreontrading.com\/\"},{\"@type\":\"ListItem\",\"position\":2,\"name\":\"About Us\"}]},{\"@type\":\"WebSite\",\"@id\":\"http:\/\/www.oreontrading.com\/#website\",\"url\":\"http:\/\/www.oreontrading.com\/\",\"name\":\"OREON TRADING Co.\",\"description\":\"World Wide Steel\",\"publisher\":{\"@id\":\"http:\/\/www.oreontrading.com\/#organization\"},\"potentialAction\":[{\"@type\":\"SearchAction\",\"target\":{\"@type\":\"EntryPoint\",\"urlTemplate\":\"http:\/\/www.oreontrading.com\/?s={search_term_string}\"},\"query-input\":\"required name=search_term_string\"}],\"inLanguage\":\"fr-FR\"},{\"@type\":\"Organization\",\"@id\":\"http:\/\/www.oreontrading.com\/#organization\",\"name\":\"OREON TRADING Co.\",\"url\":\"http:\/\/www.oreontrading.com\/\",\"logo\":{\"@type\":\"ImageObject\",\"inLanguage\":\"fr-FR\",\"@id\":\"http:\/\/www.oreontrading.com\/#\/schema\/logo\/image\/\",\"url\":\"http:\/\/www.oreontrading.com\/wp-content\/uploads\/2020\/12\/12th.png\",\"contentUrl\":\"http:\/\/www.oreontrading.com\/wp-content\/uploads\/2020\/12\/12th.png\",\"width\":300,\"height\":54,\"caption\":\"OREON TRADING Co.\"},\"image\":{\"@id\":\"http:\/\/www.oreontrading.com\/#\/schema\/logo\/image\/\"},\"sameAs\":[\"https:\/\/www.instagram.com\/oreontrading\/\",\"https:\/\/www.linkedin.com\/in\/oreon-trading-co-722767202\/\"]}]}<\/script>\n<!-- \/ Yoast SEO plugin. -->","yoast_head_json":{"title":"[:en]About Us [:fr]\u00c0 PROPOS DE NOUS[:es]NOSOTROS[:] &#183; OREON TRADING Co.","robots":{"index":"index","follow":"follow","max-snippet":"max-snippet:-1","max-image-preview":"max-image-preview:large","max-video-preview":"max-video-preview:-1"},"canonical":"http:\/\/www.oreontrading.com\/hakkimizda\/","og_locale":"fr_FR","og_type":"article","og_title":"[:en]About Us [:fr]\u00c0 PROPOS DE NOUS[:es]NOSOTROS[:] &#183; OREON TRADING Co.","og_description":"[vc_row][vc_column][vc_single_image image=\u00a0\u00bb869&Prime; img_size=\u00a0\u00bbfull\u00a0\u00bb alignment=\u00a0\u00bbcenter\u00a0\u00bb][vc_empty_space height=\u00a0\u00bb20px\u00a0\u00bb][vc_text_separator title=\u00a0\u00bb\u00c0 PROPOS DE NOUS\u00a0\u00bb color=\u00a0\u00bbblack\u00a0\u00bb][vc_empty_space height=\u00a0\u00bb20px\u00a0\u00bb][vc_column_text css_animation=\u00a0\u00bbfadeInRight\u00a0\u00bb] Il a d\u00e9marr\u00e9 ses op\u00e9rations en 2009 dans le but de servir le march\u00e9 des industries m\u00e9tallurgiques et sid\u00e9rurgiques qui ont non seulement besoin d&rsquo;acheter des mat\u00e9riaux, mais...","og_url":"http:\/\/www.oreontrading.com\/hakkimizda\/","og_site_name":"OREON TRADING Co.","article_modified_time":"2021-01-11T11:23:52+00:00","twitter_card":"summary_large_image","twitter_misc":{"Dur\u00e9e de lecture estim\u00e9e":"3 minutes"},"schema":{"@context":"https:\/\/schema.org","@graph":[{"@type":"WebPage","@id":"http:\/\/www.oreontrading.com\/hakkimizda\/","url":"http:\/\/www.oreontrading.com\/hakkimizda\/","name":"[:en]About Us [:fr]\u00c0 PROPOS DE NOUS[:es]NOSOTROS[:] &#183; OREON TRADING Co.","isPartOf":{"@id":"http:\/\/www.oreontrading.com\/#website"},"datePublished":"2020-12-12T22:54:08+00:00","dateModified":"2021-01-11T11:23:52+00:00","breadcrumb":{"@id":"http:\/\/www.oreontrading.com\/hakkimizda\/#breadcrumb"},"inLanguage":"fr-FR","potentialAction":[{"@type":"ReadAction","target":["http:\/\/www.oreontrading.com\/hakkimizda\/"]}]},{"@type":"BreadcrumbList","@id":"http:\/\/www.oreontrading.com\/hakkimizda\/#breadcrumb","itemListElement":[{"@type":"ListItem","position":1,"name":"Anasayfa","item":"http:\/\/www.oreontrading.com\/"},{"@type":"ListItem","position":2,"name":"About Us"}]},{"@type":"WebSite","@id":"http:\/\/www.oreontrading.com\/#website","url":"http:\/\/www.oreontrading.com\/","name":"OREON TRADING Co.","description":"World Wide Steel","publisher":{"@id":"http:\/\/www.oreontrading.com\/#organization"},"potentialAction":[{"@type":"SearchAction","target":{"@type":"EntryPoint","urlTemplate":"http:\/\/www.oreontrading.com\/?s={search_term_string}"},"query-input":"required name=search_term_string"}],"inLanguage":"fr-FR"},{"@type":"Organization","@id":"http:\/\/www.oreontrading.com\/#organization","name":"OREON TRADING Co.","url":"http:\/\/www.oreontrading.com\/","logo":{"@type":"ImageObject","inLanguage":"fr-FR","@id":"http:\/\/www.oreontrading.com\/#\/schema\/logo\/image\/","url":"http:\/\/www.oreontrading.com\/wp-content\/uploads\/2020\/12\/12th.png","contentUrl":"http:\/\/www.oreontrading.com\/wp-content\/uploads\/2020\/12\/12th.png","width":300,"height":54,"caption":"OREON TRADING Co."},"image":{"@id":"http:\/\/www.oreontrading.com\/#\/schema\/logo\/image\/"},"sameAs":["https:\/\/www.instagram.com\/oreontrading\/","https:\/\/www.linkedin.com\/in\/oreon-trading-co-722767202\/"]}]}},"_links":{"self":[{"href":"http:\/\/www.oreontrading.com\/fr\/wp-json\/wp\/v2\/pages\/825"}],"collection":[{"href":"http:\/\/www.oreontrading.com\/fr\/wp-json\/wp\/v2\/pages"}],"about":[{"href":"http:\/\/www.oreontrading.com\/fr\/wp-json\/wp\/v2\/types\/page"}],"author":[{"embeddable":true,"href":"http:\/\/www.oreontrading.com\/fr\/wp-json\/wp\/v2\/users\/3"}],"replies":[{"embeddable":true,"href":"http:\/\/www.oreontrading.com\/fr\/wp-json\/wp\/v2\/comments?post=825"}],"version-history":[{"count":29,"href":"http:\/\/www.oreontrading.com\/fr\/wp-json\/wp\/v2\/pages\/825\/revisions"}],"predecessor-version":[{"id":1145,"href":"http:\/\/www.oreontrading.com\/fr\/wp-json\/wp\/v2\/pages\/825\/revisions\/1145"}],"wp:attachment":[{"href":"http:\/\/www.oreontrading.com\/fr\/wp-json\/wp\/v2\/media?parent=825"}],"curies":[{"name":"wp","href":"https:\/\/api.w.org\/{rel}","templated":true}]}}