{"id":864,"date":"2020-12-13T16:34:28","date_gmt":"2020-12-13T13:34:28","guid":{"rendered":"http:\/\/localhost\/koltuk\/?page_id=864"},"modified":"2021-01-12T21:06:55","modified_gmt":"2021-01-12T18:06:55","slug":"yassi-celik-urunler-2","status":"publish","type":"page","link":"http:\/\/www.oreontrading.com\/es\/yassi-celik-urunler-2\/","title":{"rendered":"Productos Planos De Acero"},"content":{"rendered":"<p>[vc_row][vc_column width=\u00bb1\/2&#8243;][vc_column_text]<strong>1) Laminado En Caliente<\/strong><\/p>\n<p>* Bobinas Laminadas En Caliente<\/p>\n<p>* Chapas Laminadas En Caliente<\/p>\n<p>* Planchas<\/p>\n<p>* Bobinas Antideslizantes<\/p>\n<p>* Chapas Antideslizantes<\/p>\n<p>&nbsp;<\/p>\n<p><strong>2) Laminado En Fr\u00edo<\/strong><\/p>\n<p>* Bobinas Laminadas En Fr\u00edo<\/p>\n<p>* Chapas Laminadas En Fr\u00edo<\/p>\n<p>&nbsp;<\/p>\n<p><strong>3) Productos Recubiertos<\/strong><\/p>\n<p>* Bobinas Galvanizadas<\/p>\n<p>* Bobinas De Aluzinc<\/p>\n<p>* Bobinas Prepintadas[\/vc_column_text][\/vc_column][vc_column width=\u00bb1\/2&#8243;][vc_gallery interval=\u00bb3&#8243; images=\u00bb887,888,889,890&#8243; img_size=\u00bbfull\u00bb][\/vc_column][\/vc_row]<\/p>","protected":false},"excerpt":{"rendered":"<p>[vc_row][vc_column width=\u00bb1\/2&#8243;][vc_column_text]1) Laminado En Caliente * Bobinas Laminadas En Caliente * Chapas Laminadas En Caliente * Planchas * Bobinas Antideslizantes * Chapas Antideslizantes &nbsp; 2) Laminado En Fr\u00edo * Bobinas Laminadas En Fr\u00edo * Chapas Laminadas En Fr\u00edo &nbsp; 3)&#8230;<\/p>\n","protected":false},"author":3,"featured_media":0,"parent":0,"menu_order":0,"comment_status":"closed","ping_status":"closed","template":"","meta":{"footnotes":""},"yoast_head":"<!-- This site is optimized with the Yoast SEO plugin v22.4 - https:\/\/yoast.com\/wordpress\/plugins\/seo\/ -->\n<title>Productos Planos De Acero &#183; OREON TRADING Co.<\/title>\n<meta name=\"robots\" content=\"index, follow, max-snippet:-1, max-image-preview:large, max-video-preview:-1\" \/>\n<link rel=\"canonical\" href=\"http:\/\/www.oreontrading.com\/yassi-celik-urunler-2\/\" \/>\n<meta property=\"og:locale\" content=\"es_ES\" \/>\n<meta property=\"og:type\" content=\"article\" \/>\n<meta property=\"og:title\" content=\"[:en]Flat Steel Products[:fr]Produits En Acier Plat[:es]Productos Planos De Acero[:] &#183; OREON TRADING Co.\" \/>\n<meta property=\"og:description\" content=\"[vc_row][vc_column width=\u00bb1\/2&#8243;][vc_column_text]1) Laminado En Caliente * Bobinas Laminadas En Caliente * Chapas Laminadas En Caliente * Planchas * Bobinas Antideslizantes * Chapas Antideslizantes &nbsp; 2) Laminado En Fr\u00edo * Bobinas Laminadas En Fr\u00edo * Chapas Laminadas En Fr\u00edo &nbsp; 3)...\" \/>\n<meta property=\"og:url\" content=\"http:\/\/www.oreontrading.com\/yassi-celik-urunler-2\/\" \/>\n<meta property=\"og:site_name\" content=\"OREON TRADING Co.\" \/>\n<meta property=\"article:modified_time\" content=\"2021-01-12T18:06:55+00:00\" \/>\n<meta name=\"twitter:card\" content=\"summary_large_image\" \/>\n<meta name=\"twitter:label1\" content=\"Tiempo de lectura\" \/>\n\t<meta name=\"twitter:data1\" content=\"1 minuto\" \/>\n<script type=\"application\/ld+json\" class=\"yoast-schema-graph\">{\"@context\":\"https:\/\/schema.org\",\"@graph\":[{\"@type\":\"WebPage\",\"@id\":\"http:\/\/www.oreontrading.com\/yassi-celik-urunler-2\/\",\"url\":\"http:\/\/www.oreontrading.com\/yassi-celik-urunler-2\/\",\"name\":\"[:en]Flat Steel Products[:fr]Produits En Acier Plat[:es]Productos Planos De Acero[:] &#183; OREON TRADING Co.\",\"isPartOf\":{\"@id\":\"http:\/\/www.oreontrading.com\/#website\"},\"datePublished\":\"2020-12-13T13:34:28+00:00\",\"dateModified\":\"2021-01-12T18:06:55+00:00\",\"breadcrumb\":{\"@id\":\"http:\/\/www.oreontrading.com\/yassi-celik-urunler-2\/#breadcrumb\"},\"inLanguage\":\"es\",\"potentialAction\":[{\"@type\":\"ReadAction\",\"target\":[\"http:\/\/www.oreontrading.com\/yassi-celik-urunler-2\/\"]}]},{\"@type\":\"BreadcrumbList\",\"@id\":\"http:\/\/www.oreontrading.com\/yassi-celik-urunler-2\/#breadcrumb\",\"itemListElement\":[{\"@type\":\"ListItem\",\"position\":1,\"name\":\"Anasayfa\",\"item\":\"http:\/\/www.oreontrading.com\/\"},{\"@type\":\"ListItem\",\"position\":2,\"name\":\"Flat Steel Products\"}]},{\"@type\":\"WebSite\",\"@id\":\"http:\/\/www.oreontrading.com\/#website\",\"url\":\"http:\/\/www.oreontrading.com\/\",\"name\":\"OREON TRADING Co.\",\"description\":\"World Wide Steel\",\"publisher\":{\"@id\":\"http:\/\/www.oreontrading.com\/#organization\"},\"potentialAction\":[{\"@type\":\"SearchAction\",\"target\":{\"@type\":\"EntryPoint\",\"urlTemplate\":\"http:\/\/www.oreontrading.com\/?s={search_term_string}\"},\"query-input\":\"required name=search_term_string\"}],\"inLanguage\":\"es\"},{\"@type\":\"Organization\",\"@id\":\"http:\/\/www.oreontrading.com\/#organization\",\"name\":\"OREON TRADING Co.\",\"url\":\"http:\/\/www.oreontrading.com\/\",\"logo\":{\"@type\":\"ImageObject\",\"inLanguage\":\"es\",\"@id\":\"http:\/\/www.oreontrading.com\/#\/schema\/logo\/image\/\",\"url\":\"http:\/\/www.oreontrading.com\/wp-content\/uploads\/2020\/12\/12th.png\",\"contentUrl\":\"http:\/\/www.oreontrading.com\/wp-content\/uploads\/2020\/12\/12th.png\",\"width\":300,\"height\":54,\"caption\":\"OREON TRADING Co.\"},\"image\":{\"@id\":\"http:\/\/www.oreontrading.com\/#\/schema\/logo\/image\/\"},\"sameAs\":[\"https:\/\/www.instagram.com\/oreontrading\/\",\"https:\/\/www.linkedin.com\/in\/oreon-trading-co-722767202\/\"]}]}<\/script>\n<!-- \/ Yoast SEO plugin. -->","yoast_head_json":{"title":"[:en]Flat Steel Products[:fr]Produits En Acier Plat[:es]Productos Planos De Acero[:] &#183; OREON TRADING Co.","robots":{"index":"index","follow":"follow","max-snippet":"max-snippet:-1","max-image-preview":"max-image-preview:large","max-video-preview":"max-video-preview:-1"},"canonical":"http:\/\/www.oreontrading.com\/yassi-celik-urunler-2\/","og_locale":"es_ES","og_type":"article","og_title":"[:en]Flat Steel Products[:fr]Produits En Acier Plat[:es]Productos Planos De Acero[:] &#183; OREON TRADING Co.","og_description":"[vc_row][vc_column width=\u00bb1\/2&#8243;][vc_column_text]1) Laminado En Caliente * Bobinas Laminadas En Caliente * Chapas Laminadas En Caliente * Planchas * Bobinas Antideslizantes * Chapas Antideslizantes &nbsp; 2) Laminado En Fr\u00edo * Bobinas Laminadas En Fr\u00edo * Chapas Laminadas En Fr\u00edo &nbsp; 3)...","og_url":"http:\/\/www.oreontrading.com\/yassi-celik-urunler-2\/","og_site_name":"OREON TRADING Co.","article_modified_time":"2021-01-12T18:06:55+00:00","twitter_card":"summary_large_image","twitter_misc":{"Tiempo de lectura":"1 minuto"},"schema":{"@context":"https:\/\/schema.org","@graph":[{"@type":"WebPage","@id":"http:\/\/www.oreontrading.com\/yassi-celik-urunler-2\/","url":"http:\/\/www.oreontrading.com\/yassi-celik-urunler-2\/","name":"[:en]Flat Steel Products[:fr]Produits En Acier Plat[:es]Productos Planos De Acero[:] &#183; OREON TRADING Co.","isPartOf":{"@id":"http:\/\/www.oreontrading.com\/#website"},"datePublished":"2020-12-13T13:34:28+00:00","dateModified":"2021-01-12T18:06:55+00:00","breadcrumb":{"@id":"http:\/\/www.oreontrading.com\/yassi-celik-urunler-2\/#breadcrumb"},"inLanguage":"es","potentialAction":[{"@type":"ReadAction","target":["http:\/\/www.oreontrading.com\/yassi-celik-urunler-2\/"]}]},{"@type":"BreadcrumbList","@id":"http:\/\/www.oreontrading.com\/yassi-celik-urunler-2\/#breadcrumb","itemListElement":[{"@type":"ListItem","position":1,"name":"Anasayfa","item":"http:\/\/www.oreontrading.com\/"},{"@type":"ListItem","position":2,"name":"Flat Steel Products"}]},{"@type":"WebSite","@id":"http:\/\/www.oreontrading.com\/#website","url":"http:\/\/www.oreontrading.com\/","name":"OREON TRADING Co.","description":"World Wide Steel","publisher":{"@id":"http:\/\/www.oreontrading.com\/#organization"},"potentialAction":[{"@type":"SearchAction","target":{"@type":"EntryPoint","urlTemplate":"http:\/\/www.oreontrading.com\/?s={search_term_string}"},"query-input":"required name=search_term_string"}],"inLanguage":"es"},{"@type":"Organization","@id":"http:\/\/www.oreontrading.com\/#organization","name":"OREON TRADING Co.","url":"http:\/\/www.oreontrading.com\/","logo":{"@type":"ImageObject","inLanguage":"es","@id":"http:\/\/www.oreontrading.com\/#\/schema\/logo\/image\/","url":"http:\/\/www.oreontrading.com\/wp-content\/uploads\/2020\/12\/12th.png","contentUrl":"http:\/\/www.oreontrading.com\/wp-content\/uploads\/2020\/12\/12th.png","width":300,"height":54,"caption":"OREON TRADING Co."},"image":{"@id":"http:\/\/www.oreontrading.com\/#\/schema\/logo\/image\/"},"sameAs":["https:\/\/www.instagram.com\/oreontrading\/","https:\/\/www.linkedin.com\/in\/oreon-trading-co-722767202\/"]}]}},"_links":{"self":[{"href":"http:\/\/www.oreontrading.com\/es\/wp-json\/wp\/v2\/pages\/864"}],"collection":[{"href":"http:\/\/www.oreontrading.com\/es\/wp-json\/wp\/v2\/pages"}],"about":[{"href":"http:\/\/www.oreontrading.com\/es\/wp-json\/wp\/v2\/types\/page"}],"author":[{"embeddable":true,"href":"http:\/\/www.oreontrading.com\/es\/wp-json\/wp\/v2\/users\/3"}],"replies":[{"embeddable":true,"href":"http:\/\/www.oreontrading.com\/es\/wp-json\/wp\/v2\/comments?post=864"}],"version-history":[{"count":17,"href":"http:\/\/www.oreontrading.com\/es\/wp-json\/wp\/v2\/pages\/864\/revisions"}],"predecessor-version":[{"id":1150,"href":"http:\/\/www.oreontrading.com\/es\/wp-json\/wp\/v2\/pages\/864\/revisions\/1150"}],"wp:attachment":[{"href":"http:\/\/www.oreontrading.com\/es\/wp-json\/wp\/v2\/media?parent=864"}],"curies":[{"name":"wp","href":"https:\/\/api.w.org\/{rel}","templated":true}]}}